{"id":141,"date":"2025-02-13T09:48:49","date_gmt":"2025-02-13T09:48:49","guid":{"rendered":"https:\/\/linguaemundi.md\/?page_id=141"},"modified":"2025-02-13T10:02:25","modified_gmt":"2025-02-13T10:02:25","slug":"traduceri-medicale","status":"publish","type":"page","link":"https:\/\/linguaemundi.md\/index.php\/traduceri-medicale\/","title":{"rendered":"Traduceri Medicale"},"content":{"rendered":"<div class=\"wpb-content-wrapper\"><div id=\"tdi_1\" class=\"tdc-row\"><div class=\"vc_row tdi_2  wpb_row td-pb-row\" >\n<style scoped>\n\/* custom css - generated by TagDiv Composer *\/\n\n\/* custom css - generated by TagDiv Composer *\/\n.tdi_2,\r\n                .tdi_2 .tdc-columns{\r\n                    min-height: 0;\r\n                }.tdi_2,\r\n\t\t\t\t.tdi_2 .tdc-columns{\r\n\t\t\t\t    display: block;\r\n\t\t\t\t}.tdi_2 .tdc-columns{\r\n\t\t\t\t    width: 100%;\r\n\t\t\t\t}.tdi_2:before,\r\n\t\t\t\t.tdi_2:after{\r\n\t\t\t\t    display: table;\r\n\t\t\t\t}\n<\/style><div class=\"vc_column tdi_4  wpb_column vc_column_container tdc-column td-pb-span12\">\n<style scoped>\n\/* custom css - generated by TagDiv Composer *\/\n\n\/* custom css - generated by TagDiv Composer *\/\n.tdi_4{\r\n                    vertical-align: baseline;\r\n                }.tdi_4 > .wpb_wrapper,\r\n\t\t\t\t.tdi_4 > .wpb_wrapper > .tdc-elements{\r\n\t\t\t\t    display: block;\r\n\t\t\t\t}.tdi_4 > .wpb_wrapper > .tdc-elements{\r\n\t\t\t\t    width: 100%;\r\n\t\t\t\t}.tdi_4 > .wpb_wrapper > .vc_row_inner{\r\n\t\t\t\t    width: auto;\r\n\t\t\t\t}.tdi_4 > .wpb_wrapper{\r\n\t\t\t\t    width: auto;\r\n\t\t\t\t    height: auto;\r\n\t\t\t\t}\n<\/style><div class=\"wpb_wrapper\" >[vc_single_image image=&#8221;133&#8243; img_size=&#8221;full&#8221; style=&#8221;vc_box_outline&#8221; border_color=&#8221;sky&#8221;]<\/div><\/div><\/div><\/div><div id=\"tdi_5\" class=\"tdc-row\"><div class=\"vc_row tdi_6  wpb_row td-pb-row\" >\n<style scoped>\n\/* custom css - generated by TagDiv Composer *\/\n\n\/* custom css - generated by TagDiv Composer *\/\n.tdi_6,\r\n                .tdi_6 .tdc-columns{\r\n                    min-height: 0;\r\n                }.tdi_6,\r\n\t\t\t\t.tdi_6 .tdc-columns{\r\n\t\t\t\t    display: block;\r\n\t\t\t\t}.tdi_6 .tdc-columns{\r\n\t\t\t\t    width: 100%;\r\n\t\t\t\t}.tdi_6:before,\r\n\t\t\t\t.tdi_6:after{\r\n\t\t\t\t    display: table;\r\n\t\t\t\t}\n<\/style><div class=\"vc_column tdi_8  wpb_column vc_column_container tdc-column td-pb-span12\">\n<style scoped>\n\/* custom css - generated by TagDiv Composer *\/\n\n\/* custom css - generated by TagDiv Composer *\/\n.tdi_8{\r\n                    vertical-align: baseline;\r\n                }.tdi_8 > .wpb_wrapper,\r\n\t\t\t\t.tdi_8 > .wpb_wrapper > .tdc-elements{\r\n\t\t\t\t    display: block;\r\n\t\t\t\t}.tdi_8 > .wpb_wrapper > .tdc-elements{\r\n\t\t\t\t    width: 100%;\r\n\t\t\t\t}.tdi_8 > .wpb_wrapper > .vc_row_inner{\r\n\t\t\t\t    width: auto;\r\n\t\t\t\t}.tdi_8 > .wpb_wrapper{\r\n\t\t\t\t    width: auto;\r\n\t\t\t\t    height: auto;\r\n\t\t\t\t}\n<\/style><div class=\"wpb_wrapper\" >[vc_column_text]\r\n<p style=\"text-align: justify;\"><strong>Traduceri medicale de \u00eenalt\u0103 precizie \u2013 Oferim traduceri profesionale pentru documenta\u021bia medical\u0103, inclusiv rapoarte, studii clinice, fi\u0219e medicale \u0219i prospecte, garant\u00e2nd corectitudinea terminologic\u0103 \u0219i conformitatea cu reglement\u0103rile industriei.<\/strong><\/p>\r\n[\/vc_column_text][vc_column_text]\r\n<p style=\"text-align: justify;\"><strong>Servicii de traduceri medicale pentru profesioni\u0219tii din domeniu<\/strong> \u2013 Asigur\u0103m traducerea exact\u0103 \u0219i clar\u0103 a documentelor medicale, inclusiv studii de cercetare, ghiduri terapeutice \u0219i documenta\u021bie pentru pacien\u021bi, respect\u00e2nd cele mai stricte standarde de calitate \u0219i confiden\u021bialitate.<\/p>\r\n<p style=\"text-align: justify;\"><strong>Traduceri medicale pentru to\u021bi factorii din domeniu<\/strong> \u2013 Indiferent c\u0103 este vorba de spitale, clinici, cercet\u0103tori sau farmacii, oferim servicii de traducere medical\u0103 pentru documente esen\u021biale, incluz\u00e2nd rapoarte de analiz\u0103, documenta\u021bie pentru studii clinice \u0219i informa\u021bii pentru pacien\u021bi.<\/p>\r\n<p style=\"text-align: justify;\"><strong>Traduceri precise pentru domeniul medical<\/strong> \u2013 Echipa noastr\u0103 de traduc\u0103tori medicali este specializat\u0103 \u00een domenii precum farmacologie, biomedicin\u0103, chirurgie, \u0219i patologie, asigur\u00e2nd traducerea corect\u0103 a materialelor din orice specialitate medical\u0103.<\/p>\r\n<p style=\"text-align: justify;\"><strong>Servicii complete de traduceri medicale<\/strong> \u2013 Oferim solu\u021bii complete pentru traducerea documentelor medicale \u0219i \u0219tiin\u021bifice, incluz\u00e2nd rapoarte de cercetare, publica\u021bii \u0219tiin\u021bifice, manuale de proceduri, \u0219i instruc\u021biuni pentru utilizarea echipamentelor medicale.<\/p>\r\n[\/vc_column_text]<\/div><\/div><\/div><\/div><\/div>","protected":false},"excerpt":{"rendered":"[vc_single_image image=\"133\" img_size=\"full\" style=\"vc_box_outline\" border_color=\"sky\"] [vc_column_text] Traduceri medicale de \u00eenalt\u0103 precizie \u2013 Oferim traduceri profesionale pentru documenta\u021bia medical\u0103, inclusiv rapoarte, studii clinice, fi\u0219e medicale \u0219i prospecte, garant\u00e2nd corectitudinea terminologic\u0103 \u0219i conformitatea cu reglement\u0103rile industriei. [\/vc_column_text][vc_column_text] Servicii de traduceri medicale pentru profesioni\u0219tii din domeniu \u2013 Asigur\u0103m traducerea exact\u0103 \u0219i clar\u0103 a documentelor medicale, inclusiv studii de [...]","protected":false},"author":1,"featured_media":0,"parent":0,"menu_order":0,"comment_status":"closed","ping_status":"closed","template":"","meta":{"footnotes":""},"class_list":["post-141","page","type-page","status-publish"],"_links":{"self":[{"href":"https:\/\/linguaemundi.md\/index.php\/wp-json\/wp\/v2\/pages\/141","targetHints":{"allow":["GET"]}}],"collection":[{"href":"https:\/\/linguaemundi.md\/index.php\/wp-json\/wp\/v2\/pages"}],"about":[{"href":"https:\/\/linguaemundi.md\/index.php\/wp-json\/wp\/v2\/types\/page"}],"author":[{"embeddable":true,"href":"https:\/\/linguaemundi.md\/index.php\/wp-json\/wp\/v2\/users\/1"}],"replies":[{"embeddable":true,"href":"https:\/\/linguaemundi.md\/index.php\/wp-json\/wp\/v2\/comments?post=141"}],"version-history":[{"count":5,"href":"https:\/\/linguaemundi.md\/index.php\/wp-json\/wp\/v2\/pages\/141\/revisions"}],"predecessor-version":[{"id":162,"href":"https:\/\/linguaemundi.md\/index.php\/wp-json\/wp\/v2\/pages\/141\/revisions\/162"}],"wp:attachment":[{"href":"https:\/\/linguaemundi.md\/index.php\/wp-json\/wp\/v2\/media?parent=141"}],"curies":[{"name":"wp","href":"https:\/\/api.w.org\/{rel}","templated":true}]}}