{"id":164,"date":"2025-02-13T10:06:01","date_gmt":"2025-02-13T10:06:01","guid":{"rendered":"https:\/\/linguaemundi.md\/?page_id=164"},"modified":"2025-02-13T10:08:48","modified_gmt":"2025-02-13T10:08:48","slug":"164-2","status":"publish","type":"page","link":"https:\/\/linguaemundi.md\/index.php\/164-2\/","title":{"rendered":"Traduceri tehnico-\u0219tiin\u021bifice"},"content":{"rendered":"<div class=\"wpb-content-wrapper\"><div id=\"tdi_1\" class=\"tdc-row\"><div class=\"vc_row tdi_2  wpb_row td-pb-row\" >\n<style scoped>\n\/* custom css - generated by TagDiv Composer *\/\n\n\/* custom css - generated by TagDiv Composer *\/\n.tdi_2,\r\n                .tdi_2 .tdc-columns{\r\n                    min-height: 0;\r\n                }.tdi_2,\r\n\t\t\t\t.tdi_2 .tdc-columns{\r\n\t\t\t\t    display: block;\r\n\t\t\t\t}.tdi_2 .tdc-columns{\r\n\t\t\t\t    width: 100%;\r\n\t\t\t\t}.tdi_2:before,\r\n\t\t\t\t.tdi_2:after{\r\n\t\t\t\t    display: table;\r\n\t\t\t\t}\n<\/style><div class=\"vc_column tdi_4  wpb_column vc_column_container tdc-column td-pb-span12\">\n<style scoped>\n\/* custom css - generated by TagDiv Composer *\/\n\n\/* custom css - generated by TagDiv Composer *\/\n.tdi_4{\r\n                    vertical-align: baseline;\r\n                }.tdi_4 > .wpb_wrapper,\r\n\t\t\t\t.tdi_4 > .wpb_wrapper > .tdc-elements{\r\n\t\t\t\t    display: block;\r\n\t\t\t\t}.tdi_4 > .wpb_wrapper > .tdc-elements{\r\n\t\t\t\t    width: 100%;\r\n\t\t\t\t}.tdi_4 > .wpb_wrapper > .vc_row_inner{\r\n\t\t\t\t    width: auto;\r\n\t\t\t\t}.tdi_4 > .wpb_wrapper{\r\n\t\t\t\t    width: auto;\r\n\t\t\t\t    height: auto;\r\n\t\t\t\t}\n<\/style><div class=\"wpb_wrapper\" >[vc_single_image image=&#8221;134&#8243; img_size=&#8221;full&#8221; style=&#8221;vc_box_outline&#8221; border_color=&#8221;sky&#8221;]<\/div><\/div><\/div><\/div><div id=\"tdi_5\" class=\"tdc-row\"><div class=\"vc_row tdi_6  wpb_row td-pb-row\" >\n<style scoped>\n\/* custom css - generated by TagDiv Composer *\/\n\n\/* custom css - generated by TagDiv Composer *\/\n.tdi_6,\r\n                .tdi_6 .tdc-columns{\r\n                    min-height: 0;\r\n                }.tdi_6,\r\n\t\t\t\t.tdi_6 .tdc-columns{\r\n\t\t\t\t    display: block;\r\n\t\t\t\t}.tdi_6 .tdc-columns{\r\n\t\t\t\t    width: 100%;\r\n\t\t\t\t}.tdi_6:before,\r\n\t\t\t\t.tdi_6:after{\r\n\t\t\t\t    display: table;\r\n\t\t\t\t}\n<\/style><div class=\"vc_column tdi_8  wpb_column vc_column_container tdc-column td-pb-span12\">\n<style scoped>\n\/* custom css - generated by TagDiv Composer *\/\n\n\/* custom css - generated by TagDiv Composer *\/\n.tdi_8{\r\n                    vertical-align: baseline;\r\n                }.tdi_8 > .wpb_wrapper,\r\n\t\t\t\t.tdi_8 > .wpb_wrapper > .tdc-elements{\r\n\t\t\t\t    display: block;\r\n\t\t\t\t}.tdi_8 > .wpb_wrapper > .tdc-elements{\r\n\t\t\t\t    width: 100%;\r\n\t\t\t\t}.tdi_8 > .wpb_wrapper > .vc_row_inner{\r\n\t\t\t\t    width: auto;\r\n\t\t\t\t}.tdi_8 > .wpb_wrapper{\r\n\t\t\t\t    width: auto;\r\n\t\t\t\t    height: auto;\r\n\t\t\t\t}\n<\/style><div class=\"wpb_wrapper\" >[vc_column_text]\r\n<p style=\"text-align: justify;\"><strong>Traduceri tehnico-\u0219tiin\u021bifice de \u00eenalt\u0103 precizie<\/strong> \u2013 Oferim traduceri de \u00eencredere pentru documente tehnice \u0219i \u0219tiin\u021bifice, incluz\u00e2nd manuale tehnice, lucr\u0103ri de cercetare, proceduri de lucru \u0219i rapoarte, cu o aten\u021bie deosebit\u0103 la exactitatea termenilor \u0219i conceptelor specifice domeniilor tehnice \u0219i \u0219tiin\u021bifice.<\/p>\r\n<p style=\"text-align: justify;\"><strong>Servicii de traduceri pentru domeniul tehnic \u0219i \u0219tiin\u021bific<\/strong> \u2013 Specializa\u021bi \u00een traducerea textelor din diverse domenii tehnice, de la inginerie \u0219i IT la biotehnologie \u0219i fizic\u0103, asigur\u0103m adaptarea corect\u0103 a limbajului tehnic \u00een func\u021bie de specificul fiec\u0103rei industrii.<\/p>\r\n<p style=\"text-align: justify;\"><strong>Traduceri pentru documenta\u021bii tehnico-\u0219tiin\u021bifice<\/strong> \u2013 \u00cen domeniul tehnic \u0219i \u0219tiin\u021bific, traducerea documentelor trebuie s\u0103 fie deosebit de precis\u0103. Oferim servicii de traducere pentru rapoarte de cercetare, patente, specifica\u021bii tehnice, standarde \u0219i protocoale.<\/p>\r\n<p style=\"text-align: justify;\"><strong>Traduceri tehnico-\u0219tiin\u021bifice adaptate cerin\u021belor industriei<\/strong> \u2013 Fie c\u0103 este vorba de documente tehnice pentru inginerie, medicin\u0103, tehnologie, chimie sau orice alt domeniu \u0219tiin\u021bific, noi asigur\u0103m o traducere detaliat\u0103, respect\u00e2nd jargonul \u0219i normele tehnice specifice fiec\u0103rui sector.<\/p>\r\n<strong>Traduceri tehnico-\u0219tiin\u021bifice pentru cercet\u0103tori \u0219i profesioni\u0219ti<\/strong> \u2013 Oferim traducerea lucr\u0103rilor \u0219tiin\u021bifice \u0219i a documenta\u021biei tehnice, p\u0103str\u00e2nd integritatea termenilor \u0219i a ideilor complexe, esen\u021biale pentru comunicarea exact\u0103 \u00een cercetare \u0219i industrie.[\/vc_column_text]<\/div><\/div><\/div><\/div><\/div>","protected":false},"excerpt":{"rendered":"[vc_single_image image=\"134\" img_size=\"full\" style=\"vc_box_outline\" border_color=\"sky\"] [vc_column_text] Traduceri tehnico-\u0219tiin\u021bifice de \u00eenalt\u0103 precizie \u2013 Oferim traduceri de \u00eencredere pentru documente tehnice \u0219i \u0219tiin\u021bifice, incluz\u00e2nd manuale tehnice, lucr\u0103ri de cercetare, proceduri de lucru \u0219i rapoarte, cu o aten\u021bie deosebit\u0103 la exactitatea termenilor \u0219i conceptelor specifice domeniilor tehnice \u0219i \u0219tiin\u021bifice. Servicii de traduceri pentru domeniul tehnic \u0219i \u0219tiin\u021bific \u2013 [...]","protected":false},"author":1,"featured_media":0,"parent":0,"menu_order":0,"comment_status":"closed","ping_status":"closed","template":"","meta":{"footnotes":""},"class_list":["post-164","page","type-page","status-publish"],"_links":{"self":[{"href":"https:\/\/linguaemundi.md\/index.php\/wp-json\/wp\/v2\/pages\/164","targetHints":{"allow":["GET"]}}],"collection":[{"href":"https:\/\/linguaemundi.md\/index.php\/wp-json\/wp\/v2\/pages"}],"about":[{"href":"https:\/\/linguaemundi.md\/index.php\/wp-json\/wp\/v2\/types\/page"}],"author":[{"embeddable":true,"href":"https:\/\/linguaemundi.md\/index.php\/wp-json\/wp\/v2\/users\/1"}],"replies":[{"embeddable":true,"href":"https:\/\/linguaemundi.md\/index.php\/wp-json\/wp\/v2\/comments?post=164"}],"version-history":[{"count":4,"href":"https:\/\/linguaemundi.md\/index.php\/wp-json\/wp\/v2\/pages\/164\/revisions"}],"predecessor-version":[{"id":168,"href":"https:\/\/linguaemundi.md\/index.php\/wp-json\/wp\/v2\/pages\/164\/revisions\/168"}],"wp:attachment":[{"href":"https:\/\/linguaemundi.md\/index.php\/wp-json\/wp\/v2\/media?parent=164"}],"curies":[{"name":"wp","href":"https:\/\/api.w.org\/{rel}","templated":true}]}}