{"id":170,"date":"2025-02-13T10:12:20","date_gmt":"2025-02-13T10:12:20","guid":{"rendered":"https:\/\/linguaemundi.md\/?page_id=170"},"modified":"2025-02-13T10:12:34","modified_gmt":"2025-02-13T10:12:34","slug":"170-2","status":"publish","type":"page","link":"https:\/\/linguaemundi.md\/index.php\/170-2\/","title":{"rendered":"Traduceri economico-financiare"},"content":{"rendered":"<div class=\"wpb-content-wrapper\"><div id=\"tdi_1\" class=\"tdc-row\"><div class=\"vc_row tdi_2  wpb_row td-pb-row\" >\n<style scoped>\n\/* custom css - generated by TagDiv Composer *\/\n\n\/* custom css - generated by TagDiv Composer *\/\n.tdi_2,\r\n                .tdi_2 .tdc-columns{\r\n                    min-height: 0;\r\n                }.tdi_2,\r\n\t\t\t\t.tdi_2 .tdc-columns{\r\n\t\t\t\t    display: block;\r\n\t\t\t\t}.tdi_2 .tdc-columns{\r\n\t\t\t\t    width: 100%;\r\n\t\t\t\t}.tdi_2:before,\r\n\t\t\t\t.tdi_2:after{\r\n\t\t\t\t    display: table;\r\n\t\t\t\t}\n<\/style><div class=\"vc_column tdi_4  wpb_column vc_column_container tdc-column td-pb-span12\">\n<style scoped>\n\/* custom css - generated by TagDiv Composer *\/\n\n\/* custom css - generated by TagDiv Composer *\/\n.tdi_4{\r\n                    vertical-align: baseline;\r\n                }.tdi_4 > .wpb_wrapper,\r\n\t\t\t\t.tdi_4 > .wpb_wrapper > .tdc-elements{\r\n\t\t\t\t    display: block;\r\n\t\t\t\t}.tdi_4 > .wpb_wrapper > .tdc-elements{\r\n\t\t\t\t    width: 100%;\r\n\t\t\t\t}.tdi_4 > .wpb_wrapper > .vc_row_inner{\r\n\t\t\t\t    width: auto;\r\n\t\t\t\t}.tdi_4 > .wpb_wrapper{\r\n\t\t\t\t    width: auto;\r\n\t\t\t\t    height: auto;\r\n\t\t\t\t}\n<\/style><div class=\"wpb_wrapper\" >[vc_single_image image=&#8221;131&#8243; img_size=&#8221;full&#8221; style=&#8221;vc_box_outline&#8221; border_color=&#8221;sky&#8221;]<\/div><\/div><\/div><\/div><div id=\"tdi_5\" class=\"tdc-row\"><div class=\"vc_row tdi_6  wpb_row td-pb-row\" >\n<style scoped>\n\/* custom css - generated by TagDiv Composer *\/\n\n\/* custom css - generated by TagDiv Composer *\/\n.tdi_6,\r\n                .tdi_6 .tdc-columns{\r\n                    min-height: 0;\r\n                }.tdi_6,\r\n\t\t\t\t.tdi_6 .tdc-columns{\r\n\t\t\t\t    display: block;\r\n\t\t\t\t}.tdi_6 .tdc-columns{\r\n\t\t\t\t    width: 100%;\r\n\t\t\t\t}.tdi_6:before,\r\n\t\t\t\t.tdi_6:after{\r\n\t\t\t\t    display: table;\r\n\t\t\t\t}\n<\/style><div class=\"vc_column tdi_8  wpb_column vc_column_container tdc-column td-pb-span12\">\n<style scoped>\n\/* custom css - generated by TagDiv Composer *\/\n\n\/* custom css - generated by TagDiv Composer *\/\n.tdi_8{\r\n                    vertical-align: baseline;\r\n                }.tdi_8 > .wpb_wrapper,\r\n\t\t\t\t.tdi_8 > .wpb_wrapper > .tdc-elements{\r\n\t\t\t\t    display: block;\r\n\t\t\t\t}.tdi_8 > .wpb_wrapper > .tdc-elements{\r\n\t\t\t\t    width: 100%;\r\n\t\t\t\t}.tdi_8 > .wpb_wrapper > .vc_row_inner{\r\n\t\t\t\t    width: auto;\r\n\t\t\t\t}.tdi_8 > .wpb_wrapper{\r\n\t\t\t\t    width: auto;\r\n\t\t\t\t    height: auto;\r\n\t\t\t\t}\n<\/style><div class=\"wpb_wrapper\" >[vc_column_text]<strong>Traduceri economico-financiare de \u00eenalt\u0103 precizie<\/strong> \u2013 Oferim servicii de traducere pentru documente economice \u0219i financiare, inclusiv rapoarte financiare, bilan\u021buri, analize de pia\u021b\u0103 \u0219i documenta\u021bie bancar\u0103, asigur\u00e2ndu-ne c\u0103 toate terminologiile financiare sunt traduse cu exactitate.\r\n\r\n<strong>Servicii de traduceri pentru domeniul economic \u0219i financiar<\/strong> \u2013 Ne specializ\u0103m \u00een traducerea textelor economice \u0219i financiare, oferind solu\u021bii precise \u0219i clare pentru documente precum contracte comerciale, planuri financiare, documenta\u021bie fiscal\u0103 \u0219i legisla\u021bie economic\u0103.\r\n\r\n<strong>Traduceri financiare \u0219i economice pentru companii \u0219i profesioni\u0219ti<\/strong> \u2013 Asigur\u0103m traducerea documentelor financiare complexe, precum rapoarte anuale, declara\u021bii fiscale, planuri de afaceri \u0219i analize economice, av\u00e2nd grij\u0103 s\u0103 respect\u0103m termenii specifici fiec\u0103rei pie\u021be financiare.\r\n\r\n<strong>\u2060Traduceri pentru sectorul economic \u0219i financiar<\/strong> \u2013 Oferim traduceri pentru documente esen\u021biale \u00een domeniul economic \u0219i financiar, asigur\u00e2ndu-ne c\u0103 fiecare detaliu, de la date financiare p\u00e2n\u0103 la reglement\u0103ri economice, este tradus corect \u0219i clar.\r\n<p style=\"text-align: justify;\"><strong>Traduceri economico-financiare pentru afaceri interna\u021bionale<\/strong> \u2013 Acoperim o gam\u0103 larg\u0103 de servicii pentru domeniul financiar \u0219i economic, inclusiv traducerea documentelor contabile, contractelor financiare \u0219i rapoartelor fiscale, esen\u021biale pentru afaceri ce activeaz\u0103 pe pie\u021bele interna\u021bionale.Traduceri economico-financiare pentru afaceri interna\u021bionale \u2013 Acoperim o gam\u0103 larg\u0103 de servicii pentru domeniul financiar \u0219i economic, inclusiv traducerea documentelor contabile, contractelor financiare \u0219i rapoartelor fiscale, esen\u021biale pentru afaceri ce activeaz\u0103 pe pie\u021bele interna\u021bionale.<\/p>\r\n[\/vc_column_text]<\/div><\/div><\/div><\/div><\/div>","protected":false},"excerpt":{"rendered":"[vc_single_image image=\"131\" img_size=\"full\" style=\"vc_box_outline\" border_color=\"sky\"] [vc_column_text]Traduceri economico-financiare de \u00eenalt\u0103 precizie \u2013 Oferim servicii de traducere pentru documente economice \u0219i financiare, inclusiv rapoarte financiare, bilan\u021buri, analize de pia\u021b\u0103 \u0219i documenta\u021bie bancar\u0103, asigur\u00e2ndu-ne c\u0103 toate terminologiile financiare sunt traduse cu exactitate. Servicii de traduceri pentru domeniul economic \u0219i financiar \u2013 Ne specializ\u0103m \u00een traducerea textelor economice \u0219i [...]","protected":false},"author":1,"featured_media":0,"parent":0,"menu_order":0,"comment_status":"closed","ping_status":"closed","template":"","meta":{"footnotes":""},"class_list":["post-170","page","type-page","status-publish"],"_links":{"self":[{"href":"https:\/\/linguaemundi.md\/index.php\/wp-json\/wp\/v2\/pages\/170","targetHints":{"allow":["GET"]}}],"collection":[{"href":"https:\/\/linguaemundi.md\/index.php\/wp-json\/wp\/v2\/pages"}],"about":[{"href":"https:\/\/linguaemundi.md\/index.php\/wp-json\/wp\/v2\/types\/page"}],"author":[{"embeddable":true,"href":"https:\/\/linguaemundi.md\/index.php\/wp-json\/wp\/v2\/users\/1"}],"replies":[{"embeddable":true,"href":"https:\/\/linguaemundi.md\/index.php\/wp-json\/wp\/v2\/comments?post=170"}],"version-history":[{"count":2,"href":"https:\/\/linguaemundi.md\/index.php\/wp-json\/wp\/v2\/pages\/170\/revisions"}],"predecessor-version":[{"id":172,"href":"https:\/\/linguaemundi.md\/index.php\/wp-json\/wp\/v2\/pages\/170\/revisions\/172"}],"wp:attachment":[{"href":"https:\/\/linguaemundi.md\/index.php\/wp-json\/wp\/v2\/media?parent=170"}],"curies":[{"name":"wp","href":"https:\/\/api.w.org\/{rel}","templated":true}]}}